{"id":10,"date":"2023-01-16T12:54:20","date_gmt":"2023-01-16T12:54:20","guid":{"rendered":"https:\/\/www.tola.biz.pl\/?page_id=10"},"modified":"2023-01-16T12:54:20","modified_gmt":"2023-01-16T12:54:20","slug":"ehurt","status":"publish","type":"page","link":"https:\/\/www.tola.biz.pl\/index.php\/ehurt\/","title":{"rendered":"EHURT"},"content":{"rendered":"\n<p>Obecnie jest tworzona tre\u015b\u0107 tej sekcji.<br>Aby utrzyma\u0107 wysoki standard naszych us\u0142ug,<br>potrzebujemy troch\u0119 wi\u0119cej czasu.<br>Prosimy o ponowne odwiedziny.<br>Dzi\u0119kujemy za zainteresowanie<\/p>\n","protected":false},"excerpt":{"rendered":"<p>Obecnie jest tworzona tre\u015b\u0107 tej sekcji.Aby utrzyma\u0107 wysoki standard naszych us\u0142ug,potrzebujemy troch\u0119 wi\u0119cej czasu.Prosimy o ponowne odwiedziny.Dzi\u0119kujemy za zainteresowanie<\/p>\n","protected":false},"author":1,"featured_media":0,"parent":0,"menu_order":0,"comment_status":"closed","ping_status":"closed","template":"","meta":{"footnotes":""},"_links":{"self":[{"href":"https:\/\/www.tola.biz.pl\/index.php\/wp-json\/wp\/v2\/pages\/10"}],"collection":[{"href":"https:\/\/www.tola.biz.pl\/index.php\/wp-json\/wp\/v2\/pages"}],"about":[{"href":"https:\/\/www.tola.biz.pl\/index.php\/wp-json\/wp\/v2\/types\/page"}],"author":[{"embeddable":true,"href":"https:\/\/www.tola.biz.pl\/index.php\/wp-json\/wp\/v2\/users\/1"}],"replies":[{"embeddable":true,"href":"https:\/\/www.tola.biz.pl\/index.php\/wp-json\/wp\/v2\/comments?post=10"}],"version-history":[{"count":1,"href":"https:\/\/www.tola.biz.pl\/index.php\/wp-json\/wp\/v2\/pages\/10\/revisions"}],"predecessor-version":[{"id":11,"href":"https:\/\/www.tola.biz.pl\/index.php\/wp-json\/wp\/v2\/pages\/10\/revisions\/11"}],"wp:attachment":[{"href":"https:\/\/www.tola.biz.pl\/index.php\/wp-json\/wp\/v2\/media?parent=10"}],"curies":[{"name":"wp","href":"https:\/\/api.w.org\/{rel}","templated":true}]}}