{"id":8,"date":"2023-01-16T12:54:08","date_gmt":"2023-01-16T12:54:08","guid":{"rendered":"https:\/\/www.tola.biz.pl\/?page_id=8"},"modified":"2023-01-16T12:54:08","modified_gmt":"2023-01-16T12:54:08","slug":"rodo","status":"publish","type":"page","link":"https:\/\/www.tola.biz.pl\/index.php\/rodo\/","title":{"rendered":"RODO"},"content":{"rendered":"\n<p><strong>Klauzula informacyjna dla klient\u00f3w<\/strong><\/p>\n\n\n\n<p>Zgodnie z art. 13 og\u00f3lnego rozporz\u0105dzenia o ochronie danych osobowych z dnia 27 kwietnia 2016 r. (Dz. Urz. UE L 119 z 04.05.2016) informuj\u0119, i\u017c:<br>1) administratorem Pani\/Pana danych osobowych jest Zak\u0142ad Handlowo-Produkcyjny TOLA Urszula Derner<br>2) kontakt z Inspektorem Ochrony Danych \u2013 finance@tola.biz.pl<br>3) Pani\/Pana dane osobowe przetwarzane b\u0119d\u0105 w celu realizacji wsp\u00f3\u0142pracy handlowej- na podstawie Art. 6 ust. 1 lit. f og\u00f3lnego rozporz\u0105dzenia o ochronie danych osobowych z dnia 27 kwietnia 2016 r.<br>4) Pani \/ Pana dane b\u0119d\u0105 przetwarzane w celu oceny rentowno\u015bci wsp\u00f3\u0142pracy mog\u0105cych by\u0107 wynikiem profilowania, realizacji marketingu w\u0142asnego Administratora, prowadzenia bada\u0144 i analiz marketingowych.<br>5) Pani \/ Pana dane osobowe mog\u0105 by\u0107 przekazywane podmiotom przetwarzaj\u0105cym dane osobowe na zlecenie Administratora, w tym: agencjom badawczym, dostawcom us\u0142ug IT, firmom analitycznym, firmom zewn\u0119trznym zajmuj\u0105cym si\u0119 windykacj\u0105 roszcze\u0144 oraz ocen\u0105 wiarygodno\u015bci p\u0142atniczej, osobom trzecim je\u017celi osoby te posiadaj\u0105 prawnie uzasadniony interes w celu pozyskania tych danych w szczeg\u00f3lno\u015bci producentom organizuj\u0105cym akcje promocyjno-marketingowe<br>6) Pani\/Pana dane osobowe przechowywane b\u0119d\u0105 przez okres 6 lat lub w oparciu o uzasadniony interes realizowany przez administratora (dane przetwarzane s\u0105 do momentu ustania przewarzania w celach planowania biznesowego)<br>7) posiada Pani\/Pan prawo do \u017c\u0105dania od administratora dost\u0119pu do danych osobowych, ich sprostowania, usuni\u0119cia lub ograniczenia przetwarzania<br>8) ma Pani\/Pan prawo wniesienia skargi do organu nadzorczego<br>9) podanie danych osobowych jest dobrowolne, jednak\u017ce odmowa podania danych mo\u017ce skutkowa\u0107 odmow\u0105 zawarcia umowy<\/p>\n","protected":false},"excerpt":{"rendered":"<p>Klauzula informacyjna dla klient\u00f3w Zgodnie z art. 13 og\u00f3lnego rozporz\u0105dzenia o ochronie danych osobowych z dnia 27 kwietnia 2016 r. (Dz. Urz. UE L 119 z 04.05.2016) informuj\u0119, i\u017c:1) administratorem Pani\/Pana danych osobowych jest Zak\u0142ad Handlowo-Produkcyjny TOLA Urszula Derner2) kontakt z Inspektorem Ochrony Danych \u2013 finance@tola.biz.pl3) Pani\/Pana dane osobowe przetwarzane b\u0119d\u0105 w celu realizacji wsp\u00f3\u0142pracy [&hellip;]<\/p>\n","protected":false},"author":1,"featured_media":0,"parent":0,"menu_order":0,"comment_status":"closed","ping_status":"closed","template":"","meta":{"footnotes":""},"_links":{"self":[{"href":"https:\/\/www.tola.biz.pl\/index.php\/wp-json\/wp\/v2\/pages\/8"}],"collection":[{"href":"https:\/\/www.tola.biz.pl\/index.php\/wp-json\/wp\/v2\/pages"}],"about":[{"href":"https:\/\/www.tola.biz.pl\/index.php\/wp-json\/wp\/v2\/types\/page"}],"author":[{"embeddable":true,"href":"https:\/\/www.tola.biz.pl\/index.php\/wp-json\/wp\/v2\/users\/1"}],"replies":[{"embeddable":true,"href":"https:\/\/www.tola.biz.pl\/index.php\/wp-json\/wp\/v2\/comments?post=8"}],"version-history":[{"count":1,"href":"https:\/\/www.tola.biz.pl\/index.php\/wp-json\/wp\/v2\/pages\/8\/revisions"}],"predecessor-version":[{"id":9,"href":"https:\/\/www.tola.biz.pl\/index.php\/wp-json\/wp\/v2\/pages\/8\/revisions\/9"}],"wp:attachment":[{"href":"https:\/\/www.tola.biz.pl\/index.php\/wp-json\/wp\/v2\/media?parent=8"}],"curies":[{"name":"wp","href":"https:\/\/api.w.org\/{rel}","templated":true}]}}